{"id":14,"date":"2021-05-13T21:09:48","date_gmt":"2021-05-14T00:09:48","guid":{"rendered":"http:\/\/agenciawebarts.com\/viacom\/?page_id=14"},"modified":"2021-05-13T21:09:48","modified_gmt":"2021-05-14T00:09:48","slug":"cobertura","status":"publish","type":"page","link":"https:\/\/viacom.com.br\/site\/cobertura\/","title":{"rendered":"Cobertura"},"content":{"rendered":"<div id=\"dslc-main\">\n\t\t<div  class=\"dslc-modules-section  dslc-hide-on-phone \" style=\"background-image:url(https:\/\/viacom.com.br\/site\/wp-content\/uploads\/2021\/05\/bg_5-4.png);background-position:right bottom;background-size:cover;\" data-section-id=\"fd7fa2761ce\">\n\t\t\t\t\n\t\t\t\t\n\t\t\t\t<div class=\"dslc-modules-section-wrapper dslc-clearfix\"><div class=\"dslc-modules-area dslc-col dslc-12-col dslc-last-col dslc-valign- \" data-size=\"12\" data-valign=\"\">\n\t\t<div id=\"dslc-module-700904713a1\" class=\"dslc-module-front dslc-module-DSLC_Image dslc-in-viewport-check dslc-in-viewport-anim-none  dslc-col dslc-12-col dslc-last-col  dslc-module-handle-like-regular \" data-module-id=\"700904713a1\" data-module=\"DSLC_Image\" data-dslc-module-size=\"12\" data-dslc-anim=\"none\" data-dslc-anim-delay=\"\" data-dslc-anim-duration=\"650\"  data-dslc-anim-easing=\"ease\" data-dslc-preset=\"none\" >\n\n\t\t\t\n\t\t\t\n\t\t\t\t<div class=\"dslc-image-container\">\n\t\t<div class=\"dslc-image\">\n\n\t\t\t\n\t\t\t\t\n\t\t\t\t\t\t\t\t\t<img src=\"https:\/\/viacom.com.br\/site\/wp-content\/uploads\/2021\/05\/text_4.png\" alt=\"\" title=\"\" srcset=\"https:\/\/viacom.com.br\/site\/wp-content\/uploads\/2021\/05\/text_4.png 596w, https:\/\/viacom.com.br\/site\/wp-content\/uploads\/2021\/05\/text_4-300x40.png 300w\" sizes=\"(max-width: 596px) 100vw, 596px\" \/>\n\t\t\t\t\n\t\t\t\t\t\t\t\t\t<\/div><!-- .dslc-image -->\n\t\t<\/div>\n\t\t\n\t\t\t\t<\/div><!-- .dslc-module -->\n\t\t<\/div><div class=\"dslc-modules-area dslc-col dslc-7-col dslc-first-col dslc-valign-undefined \" data-size=\"7\" data-valign=\"undefined\">\n\t\t<div id=\"dslc-module-ddf5f991f4d\" class=\"dslc-module-front dslc-module-DSLC_Text_Simple dslc-in-viewport-check dslc-in-viewport-anim-none  dslc-col dslc-12-col dslc-last-col  dslc-module-handle-like-regular \" data-module-id=\"ddf5f991f4d\" data-module=\"DSLC_Text_Simple\" data-dslc-module-size=\"12\" data-dslc-anim=\"none\" data-dslc-anim-delay=\"\" data-dslc-anim-duration=\"650\"  data-dslc-anim-easing=\"ease\" data-dslc-preset=\"none\" >\n\n\t\t\t\n\t\t\t\n\t\t\n\t\t<div class=\"dslc-text-module-content\">\n\t\t\t<p style=\"text-align: justify;\">Constantemente ampliamos nossos servi\u00e7os, levando solu\u00e7\u00f5es de Internet \u00e0 bairros, interiores e outras localidades que sofrem pela falta de acessibilidade e merecem o mesmo empenho e aten\u00e7\u00e3o dispensada aos grandes centros.<\/p>\t\t<\/div>\n\n\t\t\n\t\t\t\t<\/div><!-- .dslc-module -->\n\t\t\n\t\t<div id=\"dslc-module-7581f955d01\" class=\"dslc-module-front dslc-module-DSLC_Text_Simple dslc-in-viewport-check dslc-in-viewport-anim-none  dslc-col dslc-4-col  dslc-module-handle-like-regular \" data-module-id=\"7581f955d01\" data-module=\"DSLC_Text_Simple\" data-dslc-module-size=\"4\" data-dslc-anim=\"none\" data-dslc-anim-delay=\"\" data-dslc-anim-duration=\"650\"  data-dslc-anim-easing=\"ease\" data-dslc-preset=\"none\" >\n\n\t\t\t\n\t\t\t\n\t\t\n\t\t<div class=\"dslc-text-module-content\">\n\t\t\t<h1>S\u00e3o Luiz Gonzaga (sede)<\/h1><ul><li>Assentamento 28<\/li><li>Assentamento Palma<\/li><li>Assentamento Sep\u00e9<\/li><li>Assentamento S\u00e3o Sebasti\u00e3o<\/li><li>S\u00e3o Louren\u00e7o das Miss\u00f5es<\/li><li>Capela S\u00e3o Paulo<\/li><li>Pont\u00e3o Santa Maria<\/li><li>Rinc\u00e3o dos Santana<\/li><li>Santa In\u00eas<\/li><li>Rinc\u00e3o de S\u00e3o Pedro<\/li><li>Esquina Uni\u00e3o<\/li><\/ul><h1>Bossoroca<\/h1><ul><li>Timba\u00fava<\/li><li>Esquina Iva\u00ed<\/li><li>Esquina Piratini<\/li><li>Rinc\u00e3o dos Fabr\u00edcio<\/li><\/ul><h1>S\u00e3o Paulo das Miss\u00f5es<\/h1><ul><li>Pinheiro Machado<\/li><li>Rinc\u00e3o Reinke<\/li><li>Luizenthal<\/li><li>Cec\u00edlia<\/li><li>Mato Grosso A<\/li><li>Mato Grosso B<\/li><li>Dona Helena Sul<\/li><li>Dona Helena Norte<\/li><li>Linha Juventus<\/li><li>Linha Arabela<\/li><li>Lavina<\/li><li>Povoado Planalto<\/li><li>Lavina Norte<\/li><li>Col\u00f4nia Ga\u00facha<\/li><li>Louro Seco<\/li><li>Helo\u00edsa<\/li><li>Povoado Bar\u00e3o<\/li><li>Mila Centro<\/li><li>Mila Sul<\/li><li>Mila Norte<\/li><\/ul>\t\t<\/div>\n\n\t\t\n\t\t\t\t<\/div><!-- .dslc-module -->\n\t\t\n\t\t<div id=\"dslc-module-8ed55eef1da\" class=\"dslc-module-front dslc-module-DSLC_Text_Simple dslc-in-viewport-check dslc-in-viewport-anim-none  dslc-col dslc-4-col  dslc-module-handle-like-regular \" data-module-id=\"8ed55eef1da\" data-module=\"DSLC_Text_Simple\" data-dslc-module-size=\"4\" data-dslc-anim=\"none\" data-dslc-anim-delay=\"\" data-dslc-anim-duration=\"650\"  data-dslc-anim-easing=\"ease\" data-dslc-preset=\"none\" >\n\n\t\t\t\n\t\t\t\n\t\t\n\t\t<div class=\"dslc-text-module-content\">\n\t\t\t<h1>Rolador<\/h1><ul><li>Serrinha<\/li><\/ul><h1>Dezesseis de Novembro<\/h1><ul><li>Florida<\/li><li>Laranjal<\/li><li>Rinc\u00e3o dos Ara\u00fajo<\/li><li>Jo\u00e3o de Castilhos<\/li><\/ul><h1>Caibat\u00e9<\/h1><ul><li>Vista Alegre<\/li><li>Rinc\u00e3o dos Correia<\/li><\/ul><h1>Mato Queimado<\/h1><h1>Pirap\u00f3<\/h1><ul><li>S\u00e3o Sebasti\u00e3o<\/li><li>Rinc\u00e3o dos Amaros<\/li><\/ul><h1>Porto Xavier<\/h1><h1>Roque Gonzales<\/h1><ul><li>Esquina Emanuel<\/li><li>Santinho<\/li><li>Palmeira<\/li><li>Esquina F\u00e1tima<\/li><li>Linha 5<\/li><\/ul>\t\t<\/div>\n\n\t\t\n\t\t\t\t<\/div><!-- .dslc-module -->\n\t\t\n\t\t<div id=\"dslc-module-9affd9d2f18\" class=\"dslc-module-front dslc-module-DSLC_Text_Simple dslc-in-viewport-check dslc-in-viewport-anim-none  dslc-col dslc-4-col dslc-last-col  dslc-module-handle-like-regular \" data-module-id=\"9affd9d2f18\" data-module=\"DSLC_Text_Simple\" data-dslc-module-size=\"4\" data-dslc-anim=\"none\" data-dslc-anim-delay=\"\" data-dslc-anim-duration=\"650\"  data-dslc-anim-easing=\"ease\" data-dslc-preset=\"none\" >\n\n\t\t\t\n\t\t\t\n\t\t\n\t\t<div class=\"dslc-text-module-content\">\n\t\t\t<h1>S\u00e3o Nicolau<\/h1><ul><li>Santo Izidro<\/li><\/ul><h1>Santo Ant\u00f4nio das Miss\u00f5es<\/h1><ul><li>S\u00e3o Jos\u00e9 do Felipetto<\/li><li>Rinc\u00e3o dos Camargo<\/li><li>Rinc\u00e3o dos Miranda<\/li><li>Taquara Mansa<\/li><li>S\u00e3o Greg\u00f3rio<\/li><li>Cerro do Ouro<\/li><li>Rinc\u00e3o do Meio<\/li><\/ul><h1>Garruchos<\/h1><ul><li>S\u00e3o Jos\u00e9 Velho<\/li><\/ul>\t\t<\/div>\n\n\t\t\n\t\t\t\t<\/div><!-- .dslc-module -->\n\t\t\n\t\t<div id=\"dslc-module-338e8b6b4e5\" class=\"dslc-module-front dslc-module-DSLC_Button dslc-in-viewport-check dslc-in-viewport-anim-none  dslc-col dslc-12-col dslc-last-col  dslc-module-handle-like-regular \" data-module-id=\"338e8b6b4e5\" data-module=\"DSLC_Button\" data-dslc-module-size=\"12\" data-dslc-anim=\"none\" data-dslc-anim-delay=\"\" data-dslc-anim-duration=\"650\"  data-dslc-anim-easing=\"ease\" data-dslc-preset=\"none\" >\n\n\t\t\t\n\t\t\t\n\t\t\n\t\t\t<div class=\"dslc-button\">\n\t\t\t\t\t\t\t\t\t<a href=\"https:\/\/api.whatsapp.com\/send?phone=555533524240&text=Quero%20assinar%20um%20plano!\" target=\"_blank\"  onClick=\"\" class=\"\">\n\t\t\t\t\t\t\t\t\t\t\t\t\t\t\t\t\t\t\t<span>CONECTE-SE COM A VIACOM<\/span>\n\t\t\t\t\t\t\t\t\t\t\t\t\t\t\t\t\t<\/a>\n\t\t\t\t\t\t\t<\/div><!-- .dslc-button -->\n\n\n\t\t\t\t\t\t\n\t\t\t\t<\/div><!-- .dslc-module -->\n\t\t<\/div><\/div><\/div>\n\t\t<div  class=\"dslc-modules-section \" style=\"padding-bottom:35px;padding-top:35px;background-color:#f2f2f2;\" data-section-id=\"01c2a743c5f\">\n\t\t\t\t\n\t\t\t\t\n\t\t\t\t<div class=\"dslc-modules-section-wrapper dslc-clearfix\"><div class=\"dslc-modules-area dslc-col dslc-3-col dslc-first-col dslc-valign- \" data-size=\"3\" data-valign=\"\">\n\t\t<div id=\"dslc-module-ac6aea446c4\" class=\"dslc-module-front dslc-module-DSLC_Image dslc-in-viewport-check dslc-in-viewport-anim-none  dslc-col dslc-12-col dslc-last-col  dslc-module-handle-like-regular \" data-module-id=\"ac6aea446c4\" data-module=\"DSLC_Image\" data-dslc-module-size=\"12\" data-dslc-anim=\"none\" data-dslc-anim-delay=\"\" data-dslc-anim-duration=\"650\"  data-dslc-anim-easing=\"ease\" data-dslc-preset=\"none\" >\n\n\t\t\t\n\t\t\t\n\t\t\t\t<div class=\"dslc-image-container\">\n\t\t<div class=\"dslc-image\">\n\n\t\t\t\n\t\t\t\t\n\t\t\t\t\t\t\t\t\t<a class=\"\" href=\"http:\/\/agenciawebarts.com\/viacom\/\" target=\"_self\"  >\n\t\t\t\t\t\t\t\t\t<img src=\"https:\/\/viacom.com.br\/site\/wp-content\/uploads\/2021\/05\/logo_v.png\" alt=\"\" title=\"\"   \/>\n\t\t\t\t\t\t\t\t\t<\/a>\n\t\t\t\t\n\t\t\t\t\t\t\t\t\t<\/div><!-- .dslc-image -->\n\t\t<\/div>\n\t\t\n\t\t\t\t<\/div><!-- .dslc-module -->\n\t\t<\/div><div class=\"dslc-modules-area dslc-col dslc-3-col  dslc-valign- \" data-size=\"3\" data-valign=\"\">\n\t\t<div id=\"dslc-module-3befcba6a74\" class=\"dslc-module-front dslc-module-DSLC_Text_Simple dslc-in-viewport-check dslc-in-viewport-anim-none  dslc-col dslc-12-col dslc-last-col  dslc-module-handle-like-regular \" data-module-id=\"3befcba6a74\" data-module=\"DSLC_Text_Simple\" data-dslc-module-size=\"12\" data-dslc-anim=\"none\" data-dslc-anim-delay=\"\" data-dslc-anim-duration=\"650\"  data-dslc-anim-easing=\"ease\" data-dslc-preset=\"none\" >\n\n\t\t\t\n\t\t\t\n\t\t\n\t\t<div class=\"dslc-text-module-content\">\n\t\t\t<p>CONTATE-NOS<\/p>\t\t<\/div>\n\n\t\t\n\t\t\t\t<\/div><!-- .dslc-module -->\n\t\t\n\t\t<div id=\"dslc-module-547d0035aff\" class=\"dslc-module-front dslc-module-DSLC_Text_Simple dslc-in-viewport-check dslc-in-viewport-anim-none  dslc-col dslc-12-col dslc-last-col  dslc-module-handle-like-regular \" data-module-id=\"547d0035aff\" data-module=\"DSLC_Text_Simple\" data-dslc-module-size=\"12\" data-dslc-anim=\"none\" data-dslc-anim-delay=\"\" data-dslc-anim-duration=\"650\"  data-dslc-anim-easing=\"ease\" data-dslc-preset=\"none\" >\n\n\t\t\t\n\t\t\t\n\t\t\n\t\t<div class=\"dslc-text-module-content\">\n\t\t\t<h5>Rua Ven\u00e2ncio Aires, 2192<\/h5><h5>S\u00e3o Luiz Gonzaga, RS<\/h5><h5>CEP 97800-00<\/h5><p>0800 645 4240<\/p><p>55 3352 4240<\/p><h5>viacom@viacom.com.br<\/h5>\t\t<\/div>\n\n\t\t\n\t\t\t\t<\/div><!-- .dslc-module -->\n\t\t<\/div><div class=\"dslc-modules-area dslc-col dslc-3-col  dslc-valign- \" data-size=\"3\" data-valign=\"\">\n\t\t<div id=\"dslc-module-c9606b457bf\" class=\"dslc-module-front dslc-module-DSLC_Text_Simple dslc-in-viewport-check dslc-in-viewport-anim-none  dslc-col dslc-12-col dslc-last-col  dslc-module-handle-like-regular \" data-module-id=\"c9606b457bf\" data-module=\"DSLC_Text_Simple\" data-dslc-module-size=\"12\" data-dslc-anim=\"none\" data-dslc-anim-delay=\"\" data-dslc-anim-duration=\"650\"  data-dslc-anim-easing=\"ease\" data-dslc-preset=\"none\" >\n\n\t\t\t\n\t\t\t\n\t\t\n\t\t<div class=\"dslc-text-module-content\">\n\t\t\t<p>INSTITUCIONAL<\/p>\t\t<\/div>\n\n\t\t\n\t\t\t\t<\/div><!-- .dslc-module -->\n\t\t\n\t\t<div id=\"dslc-module-f34bb692a2f\" class=\"dslc-module-front dslc-module-DSLC_Navigation dslc-in-viewport-check dslc-in-viewport-anim-none  dslc-col dslc-12-col dslc-last-col  dslc-module-handle-like-regular \" data-module-id=\"f34bb692a2f\" data-module=\"DSLC_Navigation\" data-dslc-module-size=\"12\" data-dslc-anim=\"none\" data-dslc-anim-delay=\"0\" data-dslc-anim-duration=\"650\"  data-dslc-anim-easing=\"default\" data-dslc-preset=\"none\" >\n\n\t\t\t\n\t\t\t\n\t\t\t\t\t<div class=\"dslc-navigation dslc-navigation-sub-position-default dslc-navigation-res-t-disabled dslc-navigation-res-p-disabled dslc-navigation-orientation-horizontal\">\n\t\t\t\t<div class=\"dslc-navigation-inner\">\n\t\t\t\t\t<div class=\"menu-menu-1-container\"><ul id=\"menu-menu-1\" class=\"menu\"><li id=\"menu-item-28\" class=\"menu-item menu-item-type-post_type menu-item-object-page menu-item-28\"><a href=\"https:\/\/viacom.com.br\/site\/internet\/\">Planos Mensais<\/a><\/li>\n<\/ul><\/div>\n\t\t\t\t\t\t\t\t\t<\/div>\n\t\t\t<\/div>\n\t\t\t<div class=\"dslc-mobile-navigation dslc-navigation-res-t-disabled  dslc-navigation-res-p-disabled\">\n\t\t\t\t<select><option>- Select -<\/option><option value=\"https:\/\/viacom.com.br\/site\/internet\/\" >Planos Mensais<\/option><\/select>\n\t\t\t\t<div class=\"dslc-mobile-navigation-hook\"><span class=\"dslc-icon dslc-icon-reorder\"><\/span><\/div>\n\t\t\t<\/div><!-- .dslc-mobile-navigation -->\n\n\t\t\t\n\t\t\t<script type=\"text\/javascript\">\n\t\t\t\tvar menuItems = document.querySelectorAll( '.dslc-navigation .menu > li.menu-item-has-children:not(.menu-with-arrow) > a' );\n\n\t\t\t\tfor (var i = 0, len = menuItems.length; i < len; i++) {\n\t\t\t\t  menuItems[i].insertAdjacentHTML('afterend', '<span class=\"dslc-navigation-arrow dslc-icon dslc-icon-chevron-down\"><\/span>');\n\t\t\t\t  menuItems[i].parentElement.className += \" menu-with-arrow\";\n\t\t\t\t}\n\t\t\t<\/script>\n\t\t\t\n\t\t\t\t<\/div><!-- .dslc-module -->\n\t\t\n\t\t<div id=\"dslc-module-7f718265f13\" class=\"dslc-module-front dslc-module-DSLC_Navigation dslc-in-viewport-check dslc-in-viewport-anim-none  dslc-col dslc-12-col dslc-last-col  dslc-module-handle-like-regular \" data-module-id=\"7f718265f13\" data-module=\"DSLC_Navigation\" data-dslc-module-size=\"12\" data-dslc-anim=\"none\" data-dslc-anim-delay=\"0\" data-dslc-anim-duration=\"650\"  data-dslc-anim-easing=\"default\" data-dslc-preset=\"none\" >\n\n\t\t\t\n\t\t\t\n\t\t\t\t\t<div class=\"dslc-navigation dslc-navigation-sub-position-default dslc-navigation-res-t-disabled dslc-navigation-res-p-disabled dslc-navigation-orientation-vertical\">\n\t\t\t\t<div class=\"dslc-navigation-inner\">\n\t\t\t\t\t<div class=\"menu-menu-2-container\"><ul id=\"menu-menu-2\" class=\"menu\"><li id=\"menu-item-33\" class=\"menu-item menu-item-type-post_type menu-item-object-page menu-item-33\"><a href=\"https:\/\/viacom.com.br\/site\/a-viacom\/\">A Viacom<\/a><\/li>\n<li id=\"menu-item-32\" class=\"menu-item menu-item-type-post_type menu-item-object-page menu-item-32\"><a href=\"https:\/\/viacom.com.br\/site\/cobertura\/\">Cobertura<\/a><\/li>\n<li id=\"menu-item-62\" class=\"menu-item menu-item-type-custom menu-item-object-custom menu-item-62\"><a href=\"https:\/\/api.whatsapp.com\/send?phone=555533524240&#038;text=Quero%20assinar%20um%20plano!\">Assine<\/a><\/li>\n<li id=\"menu-item-29\" class=\"menu-item menu-item-type-post_type menu-item-object-page menu-item-29\"><a href=\"https:\/\/viacom.com.br\/site\/central-de-atendimento\/\">Atendimento<\/a><\/li>\n<\/ul><\/div>\n\t\t\t\t\t\t\t\t\t<\/div>\n\t\t\t<\/div>\n\t\t\t<div class=\"dslc-mobile-navigation dslc-navigation-res-t-disabled  dslc-navigation-res-p-disabled\">\n\t\t\t\t<select><option>- Select -<\/option><option value=\"https:\/\/viacom.com.br\/site\/a-viacom\/\" >A Viacom<\/option><option value=\"https:\/\/viacom.com.br\/site\/cobertura\/\" >Cobertura<\/option><option value=\"https:\/\/api.whatsapp.com\/send?phone=555533524240&text=Quero%20assinar%20um%20plano!\" >Assine<\/option><option value=\"https:\/\/viacom.com.br\/site\/central-de-atendimento\/\" >Atendimento<\/option><\/select>\n\t\t\t\t<div class=\"dslc-mobile-navigation-hook\"><span class=\"dslc-icon dslc-icon-reorder\"><\/span><\/div>\n\t\t\t<\/div><!-- .dslc-mobile-navigation -->\n\n\t\t\t\n\t\t\t<script type=\"text\/javascript\">\n\t\t\t\tvar menuItems = document.querySelectorAll( '.dslc-navigation .menu > li.menu-item-has-children:not(.menu-with-arrow) > a' );\n\n\t\t\t\tfor (var i = 0, len = menuItems.length; i < len; i++) {\n\t\t\t\t  menuItems[i].insertAdjacentHTML('afterend', '<span class=\"dslc-navigation-arrow dslc-icon dslc-icon-chevron-down\"><\/span>');\n\t\t\t\t  menuItems[i].parentElement.className += \" menu-with-arrow\";\n\t\t\t\t}\n\t\t\t<\/script>\n\t\t\t\n\t\t\t\t<\/div><!-- .dslc-module -->\n\t\t<\/div><div class=\"dslc-modules-area dslc-col dslc-2-col  dslc-valign- \" data-size=\"2\" data-valign=\"\">\n\t\t<div id=\"dslc-module-2bff979eca0\" class=\"dslc-module-front dslc-module-DSLC_Text_Simple dslc-in-viewport-check dslc-in-viewport-anim-none  dslc-col dslc-12-col dslc-last-col  dslc-module-handle-like-regular \" data-module-id=\"2bff979eca0\" data-module=\"DSLC_Text_Simple\" data-dslc-module-size=\"12\" data-dslc-anim=\"none\" data-dslc-anim-delay=\"\" data-dslc-anim-duration=\"650\"  data-dslc-anim-easing=\"ease\" data-dslc-preset=\"none\" >\n\n\t\t\t\n\t\t\t\n\t\t\n\t\t<div class=\"dslc-text-module-content\">\n\t\t\t<p>REDES SOCIAIS<\/p>\t\t<\/div>\n\n\t\t\n\t\t\t\t<\/div><!-- .dslc-module -->\n\t\t\n\t\t<div id=\"dslc-module-ae2c2e0f1df\" class=\"dslc-module-front dslc-module-DSLC_Social dslc-in-viewport-check dslc-in-viewport-anim-none  dslc-col dslc-12-col dslc-last-col  dslc-module-handle-like-regular \" data-module-id=\"ae2c2e0f1df\" data-module=\"DSLC_Social\" data-dslc-module-size=\"12\" data-dslc-anim=\"none\" data-dslc-anim-delay=\"\" data-dslc-anim-duration=\"650\"  data-dslc-anim-easing=\"ease\" data-dslc-preset=\"none\" >\n\n\t\t\t\n\t\t\t\n\t\t\t\t\t<div class=\"dslc-social-wrap\">\n\n\t\t\t\t<ul class=\"dslc-social\">\n\t\t\t\t\t\t\t\t\t\t\t<li>\n\t\t\t\t\t\t\t\t<a class=\"dslc-social-icon\" target=\"_blank\" href=\"https:\/\/www.facebook.com\/viacominternet\/\" ><span class=\"dslc-icon dslc-icon-facebook\"><\/span><\/a>\n\t\t\t\t\t\t\t\t\t\t\t\t\t\t\t\t\t<a class=\"dslc-social-label\" target=\"_blank\" href=\"https:\/\/www.facebook.com\/viacominternet\/\" ><span>Facebook<\/span><\/a>\n\t\t\t\t\t\t\t\t\t\t\t\t\t\t\t<\/li>\n\t\t\t\t\t\t\t\t\t\t\t\t\t\t<li>\n\t\t\t\t\t\t\t\t<a class=\"dslc-social-icon\" target=\"_blank\" href=\"https:\/\/instagram.com.br\/viacom_internet\/\" ><span class=\"dslc-icon dslc-icon-instagram\"><\/span><\/a>\n\t\t\t\t\t\t\t\t\t\t\t\t\t\t\t\t\t<a class=\"dslc-social-label\" target=\"_blank\" href=\"https:\/\/instagram.com.br\/viacom_internet\/\" ><span>Instagram<\/span><\/a>\n\t\t\t\t\t\t\t\t\t\t\t\t\t\t\t<\/li>\n\t\t\t\t\t\t\t\t\t\t\t<\/ul>\n\n\t\t\t<\/div><!-- .dslc-social-wrap -->\n\n\t\t\t\n\t\t\t\t<\/div><!-- .dslc-module -->\n\t\t<\/div><\/div><\/div>\n\t\t<div  class=\"dslc-modules-section \" style=\"padding-bottom:10px;padding-top:10px;background-color:#ffffff;\" data-section-id=\"926edad5256\">\n\t\t\t\t\n\t\t\t\t\n\t\t\t\t<div class=\"dslc-modules-section-wrapper dslc-clearfix\"><div class=\"dslc-modules-area dslc-col dslc-12-col dslc-last-col dslc-valign- \" data-size=\"12\" data-valign=\"\">\n\t\t<div id=\"dslc-module-513eaa619d6\" class=\"dslc-module-front dslc-module-DSLC_Text_Simple dslc-in-viewport-check dslc-in-viewport-anim-none  dslc-col dslc-12-col dslc-last-col  dslc-module-handle-like-regular \" data-module-id=\"513eaa619d6\" data-module=\"DSLC_Text_Simple\" data-dslc-module-size=\"12\" data-dslc-anim=\"none\" data-dslc-anim-delay=\"\" data-dslc-anim-duration=\"650\"  data-dslc-anim-easing=\"ease\" data-dslc-preset=\"none\" >\n\n\t\t\t\n\t\t\t\n\t\t\n\t\t<div class=\"dslc-text-module-content\">\n\t\t\t<p>COPYRIGHT \u24b8 TODOS OS DIREITOS RESERVADOS<\/p><p>ORGULHOSAMENTE DESENVOLVIDO POR<\/p>\t\t<\/div>\n\n\t\t\n\t\t\t\t<\/div><!-- .dslc-module -->\n\t\t<\/div><div class=\"dslc-modules-area dslc-col dslc-12-col dslc-last-col dslc-valign- \" data-size=\"12\" data-valign=\"\">\n\t\t<div id=\"dslc-module-f8dadd2e5b2\" class=\"dslc-module-front dslc-module-DSLC_Image dslc-in-viewport-check dslc-in-viewport-anim-none  dslc-col dslc-12-col dslc-last-col  dslc-module-handle-like-regular \" data-module-id=\"f8dadd2e5b2\" data-module=\"DSLC_Image\" data-dslc-module-size=\"12\" data-dslc-anim=\"none\" data-dslc-anim-delay=\"\" data-dslc-anim-duration=\"650\"  data-dslc-anim-easing=\"ease\" data-dslc-preset=\"none\" >\n\n\t\t\t\n\t\t\t\n\t\t\t\t<div class=\"dslc-image-container\">\n\t\t<div class=\"dslc-image\">\n\n\t\t\t\n\t\t\t\t\n\t\t\t\t\t\t\t\t\t<a class=\"\" href=\"https:\/\/cincuenta.com.br\/\" target=\"_self\"  >\n\t\t\t\t\t\t\t\t\t<img src=\"https:\/\/cincuenta.com.br\/cincuenta.png\" alt=\"\" title=\"\"   \/>\n\t\t\t\t\t\t\t\t\t<\/a>\n\t\t\t\t\n\t\t\t\t\t\t\t\t\t<\/div><!-- .dslc-image -->\n\t\t<\/div>\n\t\t\n\t\t\t\t<\/div><!-- .dslc-module -->\n\t\t<\/div><\/div><\/div>\n\t\t<div  class=\"dslc-modules-section \" style=\"padding-bottom:10px;padding-top:10px;\" data-section-id=\"42bae6ffebf\">\n\t\t\t\t\n\t\t\t\t\n\t\t\t\t<div class=\"dslc-modules-section-wrapper dslc-clearfix\"><div class=\"dslc-modules-area dslc-col dslc-12-col dslc-last-col dslc-valign- \" data-size=\"12\" data-valign=\"\">\n\t\t<div id=\"dslc-module-f9486a38eea\" class=\"dslc-module-front dslc-module-DSLC_Separator dslc-in-viewport-check dslc-in-viewport-anim-none  dslc-col dslc-12-col dslc-last-col  dslc-module-handle-like-regular \" data-module-id=\"f9486a38eea\" data-module=\"DSLC_Separator\" data-dslc-module-size=\"12\" data-dslc-anim=\"none\" data-dslc-anim-delay=\"0\" data-dslc-anim-duration=\"650\"  data-dslc-anim-easing=\"ease\" data-dslc-preset=\"none\" >\n\n\t\t\t\n\t\t\t\n\t\t\t\t\t<div class=\"dslc-separator-wrapper\">\n\t\t\t\t<div class=\"dslc-separator dslc-separator-style-invisible\">\n\t\t\t\t\t\t\t\t\t<\/div>\n\t\t\t\t<div><\/div>\n\t\t\t<\/div><!-- .dslc-separator-wrapper -->\n\t\t\t\n\t\t\t\t<\/div><!-- .dslc-module -->\n\t\t<\/div><\/div><\/div><\/div>","protected":false},"excerpt":{"rendered":"<p>Constantemente ampliamos nossos servi\u00e7os, levando solu\u00e7\u00f5es de Internet \u00e0 bairros, interiores e outras localidades que sofrem pela falta de acessibilidade e merecem o mesmo empenho e aten\u00e7\u00e3o dispensada aos grandes centros. S\u00e3o Luiz Gonzaga (sede)Assentamento 28Assentamento PalmaAssentamento Sep\u00e9Assentamento S\u00e3o Sebasti\u00e3oS\u00e3o Louren\u00e7o das Miss\u00f5esCapela S\u00e3o PauloPont\u00e3o Santa MariaRinc\u00e3o dos SantanaSanta In\u00easRinc\u00e3o de S\u00e3o PedroEsquina Uni\u00e3oBossorocaTimba\u00favaEsquina Iva\u00edEsquina [&hellip;]<\/p>\n","protected":false},"author":1,"featured_media":0,"parent":0,"menu_order":0,"comment_status":"closed","ping_status":"closed","template":"","meta":[],"_links":{"self":[{"href":"https:\/\/viacom.com.br\/site\/wp-json\/wp\/v2\/pages\/14"}],"collection":[{"href":"https:\/\/viacom.com.br\/site\/wp-json\/wp\/v2\/pages"}],"about":[{"href":"https:\/\/viacom.com.br\/site\/wp-json\/wp\/v2\/types\/page"}],"author":[{"embeddable":true,"href":"https:\/\/viacom.com.br\/site\/wp-json\/wp\/v2\/users\/1"}],"replies":[{"embeddable":true,"href":"https:\/\/viacom.com.br\/site\/wp-json\/wp\/v2\/comments?post=14"}],"version-history":[{"count":1,"href":"https:\/\/viacom.com.br\/site\/wp-json\/wp\/v2\/pages\/14\/revisions"}],"predecessor-version":[{"id":15,"href":"https:\/\/viacom.com.br\/site\/wp-json\/wp\/v2\/pages\/14\/revisions\/15"}],"wp:attachment":[{"href":"https:\/\/viacom.com.br\/site\/wp-json\/wp\/v2\/media?parent=14"}],"curies":[{"name":"wp","href":"https:\/\/api.w.org\/{rel}","templated":true}]}}